{"id":1846,"date":"2021-10-27T09:23:32","date_gmt":"2021-10-27T09:23:32","guid":{"rendered":"https:\/\/www.labadis.org\/nachrichten-presse\/"},"modified":"2022-07-19T07:34:24","modified_gmt":"2022-07-19T07:34:24","slug":"nachrichten-presse","status":"publish","type":"page","link":"https:\/\/www.labadis.com\/de\/nachrichten-presse\/","title":{"rendered":"Nachrichten &#038; Artikeln"},"content":{"rendered":"<p>[et_pb_section fb_built=&#8220;1&#8243; custom_padding_last_edited=&#8220;on|phone&#8220; _builder_version=&#8220;4.9.9&#8243; _module_preset=&#8220;default&#8220; custom_margin=&#8220;||50px||false|false&#8220; custom_margin_tablet=&#8220;&#8220; custom_margin_phone=&#8220;||20px||false|false&#8220; custom_margin_last_edited=&#8220;on|desktop&#8220; custom_padding=&#8220;100px||0px||false|false&#8220; custom_padding_tablet=&#8220;&#8220; custom_padding_phone=&#8220;70px||||false|false&#8220; global_colors_info=&#8220;{}&#8220;][et_pb_row _builder_version=&#8220;4.9.9&#8243; _module_preset=&#8220;default&#8220; custom_margin=&#8220;||50px||false|false&#8220; custom_padding=&#8220;0px||0px||false|false&#8220; global_colors_info=&#8220;{}&#8220;][et_pb_column type=&#8220;4_4&#8243; _builder_version=&#8220;4.9.7&#8243; _module_preset=&#8220;default&#8220; global_colors_info=&#8220;{}&#8220;][et_pb_text admin_label=&#8220;Title&#8220; _builder_version=&#8220;4.12.1&#8243; _module_preset=&#8220;ce5d6604-ad66-449e-8f02-0bc38ae84807&#8243; positioning=&#8220;relative&#8220; custom_margin=&#8220;0px||5px||false|false&#8220; custom_padding=&#8220;0px||||false|false&#8220; global_colors_info=&#8220;{}&#8220;]<\/p>\n<h1>Nachrichten &amp; Artikeln<\/h1>\n<p>[\/et_pb_text][et_pb_divider color=&#8220;#F68026&#8243; divider_position=&#8220;center&#8220; divider_weight=&#8220;2px&#8220; _builder_version=&#8220;4.9.7&#8243; _module_preset=&#8220;default&#8220; width=&#8220;200px&#8220; global_colors_info=&#8220;{}&#8220;][\/et_pb_divider][et_pb_text _builder_version=&#8220;4.10.5&#8243; text_font=&#8220;|600|||||||&#8220; text_text_color=&#8220;#333333&#8243; text_font_size=&#8220;20px&#8220; text_line_height=&#8220;1.8em&#8220; header_font=&#8220;||||||||&#8220; max_width=&#8220;60%&#8220; max_width_tablet=&#8220;&#8220; max_width_phone=&#8220;100%&#8220; max_width_last_edited=&#8220;on|phone&#8220; custom_margin=&#8220;||0px||false|false&#8220; custom_padding=&#8220;||0px||false|false&#8220; animation_delay=&#8220;100ms&#8220; global_colors_info=&#8220;{}&#8220;]Entdecken Sie alle unsere Ratschl\u00e4ge, um Ihre Produktionswerkstatt und Ihre Intralogistikfl\u00fcsse zu \u00fcberdenken. All dies unter Anwendung der bew\u00e4hrten Praktiken der schlanken Produktion.[\/et_pb_text][\/et_pb_column][\/et_pb_row][\/et_pb_section][et_pb_section fb_built=&#8220;1&#8243; custom_padding_last_edited=&#8220;on|phone&#8220; _builder_version=&#8220;4.9.9&#8243; _module_preset=&#8220;default&#8220; custom_margin=&#8220;||50px||false|false&#8220; custom_margin_tablet=&#8220;&#8220; custom_margin_phone=&#8220;||20px||false|false&#8220; custom_margin_last_edited=&#8220;on|desktop&#8220; custom_padding=&#8220;100px||||false|false&#8220; custom_padding_tablet=&#8220;&#8220; custom_padding_phone=&#8220;70px||||false|false&#8220; global_colors_info=&#8220;{}&#8220;][et_pb_row module_class=&#8220;news-list&#8220; _builder_version=&#8220;4.9.9&#8243; _module_preset=&#8220;default&#8220; custom_margin=&#8220;||||false|false&#8220; custom_margin_phone=&#8220;||20px||false|false&#8220; custom_margin_last_edited=&#8220;off|desktop&#8220; custom_padding=&#8220;0px||0px||false|false&#8220; global_colors_info=&#8220;{}&#8220;][et_pb_column type=&#8220;4_4&#8243; _builder_version=&#8220;4.9.7&#8243; _module_preset=&#8220;default&#8220; global_colors_info=&#8220;{}&#8220;][et_pb_blog fullwidth=&#8220;off&#8220; posts_number=&#8220;9&#8243; include_categories=&#8220;5&#8243; use_manual_excerpt=&#8220;off&#8220; show_author=&#8220;off&#8220; show_date=&#8220;off&#8220; show_categories=&#8220;off&#8220; show_excerpt=&#8220;off&#8220; use_overlay=&#8220;on&#8220; overlay_icon_color=&#8220;#F68026&#8243; hover_overlay_color=&#8220;rgba(0,0,0,0.65)&#8220; hover_icon=&#8220;%%3%%&#8220; masonry_tile_background_color=&#8220;RGBA(0,0,0,0)&#8220; _builder_version=&#8220;4.9.9&#8243; _module_preset=&#8220;default&#8220; header_level=&#8220;h3&#8243; header_font=&#8220;Open Sans|600|||||||&#8220; header_text_color=&#8220;#333333&#8243; header_font_size=&#8220;16px&#8220; header_letter_spacing=&#8220;0.6px&#8220; header_line_height=&#8220;26px&#8220; background_color=&#8220;RGBA(0,0,0,0)&#8220; custom_padding=&#8220;0px|0px|0px|0px|false|false&#8220; border_width_all=&#8220;0px&#8220; global_colors_info=&#8220;{}&#8220;][\/et_pb_blog][\/et_pb_column][\/et_pb_row][\/et_pb_section][et_pb_section fb_built=&#8220;1&#8243; admin_label=&#8220;Testimonials&#8220; _builder_version=&#8220;4.9.9&#8243; background_color=&#8220;#F4F4F4&#8243; custom_margin=&#8220;|4%|60px|4%|false|true&#8220; custom_margin_phone=&#8220;0px|0px|0px|0px&#8220; custom_margin_last_edited=&#8220;off|desktop&#8220; custom_padding=&#8220;50px||50px||true|false&#8220; collapsed=&#8220;off&#8220; global_colors_info=&#8220;{}&#8220;][et_pb_row column_structure=&#8220;3_5,2_5&#8243; module_class=&#8220;case-study-list&#8220; _builder_version=&#8220;4.9.9&#8243; _module_preset=&#8220;default&#8220; width=&#8220;87%&#8220; custom_margin=&#8220;||||false|false&#8220; custom_padding=&#8220;0px||0px||false|false&#8220; saved_tabs=&#8220;all&#8220; global_colors_info=&#8220;{}&#8220;][et_pb_column type=&#8220;3_5&#8243; _builder_version=&#8220;4.9.7&#8243; _module_preset=&#8220;default&#8220; global_colors_info=&#8220;{}&#8220;][et_pb_text _builder_version=&#8220;4.9.9&#8243; _module_preset=&#8220;default&#8220; global_colors_info=&#8220;{}&#8220;]<\/p>\n<h2>Das Labadis System<\/h2>\n<p>[\/et_pb_text][et_pb_divider color=&#8220;#F68026&#8243; divider_position=&#8220;center&#8220; divider_weight=&#8220;2px&#8220; _builder_version=&#8220;4.9.7&#8243; _module_preset=&#8220;default&#8220; width=&#8220;200px&#8220; global_colors_info=&#8220;{}&#8220;][\/et_pb_divider][et_pb_text _builder_version=&#8220;4.9.9&#8243; _module_preset=&#8220;ce5d6604-ad66-449e-8f02-0bc38ae84807&#8243; max_width=&#8220;60%&#8220; max_width_tablet=&#8220;&#8220; max_width_phone=&#8220;100%&#8220; max_width_last_edited=&#8220;on|phone&#8220; custom_margin=&#8220;||50px||false|false&#8220; custom_margin_last_edited=&#8220;off|phone&#8220; global_colors_info=&#8220;{}&#8220;]Das Labadis System spart Kosten und Platz, verbessert die Qualit\u00e4t, erh\u00f6ht die Sicherheit und den Komfort der Mitarbeiter und reduziert Abfall und Verschwendung.[\/et_pb_text][et_pb_button button_url=&#8220;@ET-DC@eyJkeW5hbWljIjp0cnVlLCJjb250ZW50IjoicG9zdF9saW5rX3VybF9wYWdlIiwic2V0dGluZ3MiOnsicG9zdF9pZCI6IjEyMCJ9fQ==@&#8220; button_text=&#8220;Lesen sie mehr&#8220; button_alignment=&#8220;left&#8220; _builder_version=&#8220;4.12.1&#8243; _dynamic_attributes=&#8220;button_url&#8220; _module_preset=&#8220;default&#8220; custom_padding=&#8220;10px|20px|10px|20px|true|true&#8220; global_colors_info=&#8220;{}&#8220; button_bg_color__hover_enabled=&#8220;on|hover&#8220; button_bg_color__hover=&#8220;#F4F4F4&#8243; button_bg_enable_color__hover=&#8220;on&#8220;][\/et_pb_button][\/et_pb_column][et_pb_column type=&#8220;2_5&#8243; _builder_version=&#8220;4.9.7&#8243; _module_preset=&#8220;default&#8220; global_colors_info=&#8220;{}&#8220;][et_pb_text _builder_version=&#8220;4.12.1&#8243; _module_preset=&#8220;default&#8220; hover_enabled=&#8220;0&#8243; global_colors_info=&#8220;{}&#8220; sticky_enabled=&#8220;0&#8243;]<video alt=\"texte alternatif pour le GIF transforme en video\" src=\"https:\/\/www.labadis.com\/wp-content\/uploads\/2021\/11\/Transfer.mp4 \" autoplay=\"autoplay\" loop=\"loop\" muted=\"\" playsinline=\"\" style=\"display: block;\"><\/video>[\/et_pb_text][\/et_pb_column][\/et_pb_row][\/et_pb_section][et_pb_section fb_built=&#8220;1&#8243; admin_label=&#8220;Sub-footer&#8220; _builder_version=&#8220;4.10.5&#8243; _module_preset=&#8220;default&#8220; use_background_color_gradient=&#8220;on&#8220; background_color_gradient_start=&#8220;rgba(246,128,38,0.29)&#8220; background_color_gradient_end=&#8220;rgba(255,204,74,0.29)&#8220; background_color_gradient_type=&#8220;radial&#8220; background_color_gradient_direction_radial=&#8220;top left&#8220; background_color_gradient_end_position=&#8220;88%&#8220; custom_padding=&#8220;50px||50px||false|false&#8220; global_module=&#8220;188&#8243; saved_tabs=&#8220;all&#8220; global_colors_info=&#8220;{}&#8220;][et_pb_row column_structure=&#8220;3_5,2_5&#8243; use_custom_gutter=&#8220;on&#8220; gutter_width=&#8220;2&#8243; make_equal=&#8220;on&#8220; _builder_version=&#8220;4.9.7&#8243; _module_preset=&#8220;default&#8220; custom_padding=&#8220;0px||0px||false|false&#8220; global_colors_info=&#8220;{}&#8220;][et_pb_column type=&#8220;3_5&#8243; _builder_version=&#8220;4.9.7&#8243; _module_preset=&#8220;default&#8220; custom_css_main_element=&#8220;display: flex;||align-items: center;&#8220; border_width_right=&#8220;2px&#8220; border_color_right=&#8220;#666666&#8243; border_width_right_tablet=&#8220;&#8220; border_width_right_phone=&#8220;0px&#8220; border_width_right_last_edited=&#8220;on|phone&#8220; global_colors_info=&#8220;{}&#8220;][et_pb_text _builder_version=&#8220;4.10.5&#8243; _module_preset=&#8220;default&#8220; text_orientation_tablet=&#8220;center&#8220; text_orientation_phone=&#8220;&#8220; text_orientation_last_edited=&#8220;on|phone&#8220; global_colors_info=&#8220;{}&#8220;]<\/p>\n<h2>Wonach suchen Sie?<\/h2>\n<p>[\/et_pb_text][\/et_pb_column][et_pb_column type=&#8220;2_5&#8243; _builder_version=&#8220;4.9.7&#8243; _module_preset=&#8220;default&#8220; global_colors_info=&#8220;{}&#8220;][et_pb_text _builder_version=&#8220;4.12.1&#8243; _dynamic_attributes=&#8220;link_option_url&#8220; _module_preset=&#8220;ce5d6604-ad66-449e-8f02-0bc38ae84807&#8243; link_font_size=&#8220;25px&#8220; custom_margin=&#8220;||30px||false|false&#8220; custom_margin_tablet=&#8220;&#8220; custom_margin_phone=&#8220;||20px||false|false&#8220; custom_margin_last_edited=&#8220;on|phone&#8220; link_option_url=&#8220;@ET-DC@eyJkeW5hbWljIjp0cnVlLCJjb250ZW50IjoicG9zdF9saW5rX3VybF9wYWdlIiwic2V0dGluZ3MiOnsicG9zdF9pZCI6IjE4NjUifX0=@&#8220; link_font_size_tablet=&#8220;&#8220; link_font_size_phone=&#8220;20px&#8220; link_font_size_last_edited=&#8220;on|phone&#8220; global_colors_info=&#8220;{}&#8220;]<\/p>\n<p><a href=\"https:\/\/www.labadis.com\/de\/materielle-loesungen\/\">Material<\/a><\/p>\n<p>[\/et_pb_text][et_pb_text _builder_version=&#8220;4.12.1&#8243; _dynamic_attributes=&#8220;link_option_url&#8220; _module_preset=&#8220;ce5d6604-ad66-449e-8f02-0bc38ae84807&#8243; link_font_size=&#8220;25px&#8220; custom_margin=&#8220;||30px||false|false&#8220; custom_margin_tablet=&#8220;&#8220; custom_margin_phone=&#8220;||20px||false|false&#8220; custom_margin_last_edited=&#8220;on|phone&#8220; link_option_url=&#8220;@ET-DC@eyJkeW5hbWljIjp0cnVlLCJjb250ZW50IjoicG9zdF9saW5rX3VybF9wYWdlIiwic2V0dGluZ3MiOnsicG9zdF9pZCI6IjE4NjIifX0=@&#8220; link_font_size_tablet=&#8220;&#8220; link_font_size_phone=&#8220;20px&#8220; link_font_size_last_edited=&#8220;on|phone&#8220; global_colors_info=&#8220;{}&#8220;]<\/p>\n<p><a href=\"https:\/\/www.labadis.com\/de\/das-labadis-system\/\">Eine organisatorische L\u00f6sung<\/a><\/p>\n<p>[\/et_pb_text][et_pb_text _builder_version=&#8220;4.12.1&#8243; _dynamic_attributes=&#8220;link_option_url&#8220; _module_preset=&#8220;ce5d6604-ad66-449e-8f02-0bc38ae84807&#8243; link_font_size=&#8220;25px&#8220; custom_margin=&#8220;||30px||false|false&#8220; custom_margin_tablet=&#8220;&#8220; custom_margin_phone=&#8220;||20px||false|false&#8220; custom_margin_last_edited=&#8220;on|phone&#8220; link_option_url=&#8220;@ET-DC@eyJkeW5hbWljIjp0cnVlLCJjb250ZW50IjoicG9zdF9saW5rX3VybF9wYWdlIiwic2V0dGluZ3MiOnsicG9zdF9pZCI6IjE4NTYifX0=@&#8220; link_font_size_tablet=&#8220;&#8220; link_font_size_phone=&#8220;20px&#8220; link_font_size_last_edited=&#8220;on|phone&#8220; global_colors_info=&#8220;{}&#8220;]<\/p>\n<p><a href=\"https:\/\/www.labadis.com\/de\/kontakt\/\">Beratung<\/a><\/p>\n<p>[\/et_pb_text][et_pb_text _builder_version=&#8220;4.12.1&#8243; _dynamic_attributes=&#8220;link_option_url&#8220; _module_preset=&#8220;ce5d6604-ad66-449e-8f02-0bc38ae84807&#8243; link_font_size=&#8220;25px&#8220; custom_margin=&#8220;||0px||false|false&#8220; custom_margin_phone=&#8220;||20px||false|false&#8220; custom_margin_last_edited=&#8220;off|desktop&#8220; link_option_url=&#8220;@ET-DC@eyJkeW5hbWljIjp0cnVlLCJjb250ZW50IjoicG9zdF9saW5rX3VybF9wYWdlIiwic2V0dGluZ3MiOnsicG9zdF9pZCI6IjE4NTYifX0=@&#8220; link_font_size_tablet=&#8220;&#8220; link_font_size_phone=&#8220;20px&#8220; link_font_size_last_edited=&#8220;on|phone&#8220; global_colors_info=&#8220;{}&#8220;]<\/p>\n<p><a href=\"https:\/\/www.labadis.com\/de\/kontakt\/\">Ein Kontakt<\/a><\/p>\n<p>[\/et_pb_text][\/et_pb_column][\/et_pb_row][\/et_pb_section]<\/p>\n","protected":false},"excerpt":{"rendered":"<p>Nachrichten &amp; ArtikelnEntdecken Sie alle unsere Ratschl\u00e4ge, um Ihre Produktionswerkstatt und Ihre Intralogistikfl\u00fcsse zu \u00fcberdenken. All dies unter Anwendung der bew\u00e4hrten Praktiken der schlanken Produktion.Das Labadis SystemDas Labadis System spart Kosten und Platz, verbessert die Qualit\u00e4t, erh\u00f6ht die Sicherheit und den Komfort der Mitarbeiter und reduziert Abfall und Verschwendung.Wonach suchen Sie?MaterialEine organisatorische L\u00f6sungBeratungEin Kontakt<\/p>\n","protected":false},"author":7,"featured_media":0,"parent":0,"menu_order":0,"comment_status":"closed","ping_status":"closed","template":"","meta":{"_et_pb_use_builder":"on","_et_pb_old_content":"","_et_gb_content_width":"","_monsterinsights_skip_tracking":false,"_monsterinsights_sitenote_active":false,"_monsterinsights_sitenote_note":"","_monsterinsights_sitenote_category":0,"footnotes":""},"class_list":["post-1846","page","type-page","status-publish","hentry"],"yoast_head":"<!-- This site is optimized with the Yoast SEO plugin v27.4 - https:\/\/yoast.com\/product\/yoast-seo-wordpress\/ -->\n<title>Nachrichten &amp; Artikeln | Labadis<\/title>\n<meta name=\"robots\" content=\"index, follow, max-snippet:-1, max-image-preview:large, max-video-preview:-1\" \/>\n<link rel=\"canonical\" href=\"https:\/\/www.labadis.com\/de\/nachrichten-presse\/\" \/>\n<meta property=\"og:locale\" content=\"de_DE\" \/>\n<meta property=\"og:type\" content=\"article\" \/>\n<meta property=\"og:title\" content=\"Nachrichten &amp; Artikeln | Labadis\" \/>\n<meta property=\"og:description\" content=\"Nachrichten &amp; ArtikelnEntdecken Sie alle unsere Ratschl\u00e4ge, um Ihre Produktionswerkstatt und Ihre Intralogistikfl\u00fcsse zu \u00fcberdenken. All dies unter Anwendung der bew\u00e4hrten Praktiken der schlanken Produktion.Das Labadis SystemDas Labadis System spart Kosten und Platz, verbessert die Qualit\u00e4t, erh\u00f6ht die Sicherheit und den Komfort der Mitarbeiter und reduziert Abfall und Verschwendung.Wonach suchen Sie?MaterialEine organisatorische L\u00f6sungBeratungEin Kontakt\" \/>\n<meta property=\"og:url\" content=\"https:\/\/www.labadis.com\/de\/nachrichten-presse\/\" \/>\n<meta property=\"og:site_name\" content=\"Labadis\" \/>\n<meta property=\"article:modified_time\" content=\"2022-07-19T07:34:24+00:00\" \/>\n<meta name=\"twitter:card\" content=\"summary_large_image\" \/>\n<meta name=\"twitter:label1\" content=\"Gesch\u00e4tzte Lesezeit\" \/>\n\t<meta name=\"twitter:data1\" content=\"6\u00a0Minuten\" \/>\n<script type=\"application\/ld+json\" class=\"yoast-schema-graph\">{\"@context\":\"https:\\\/\\\/schema.org\",\"@graph\":[{\"@type\":\"WebPage\",\"@id\":\"https:\\\/\\\/www.labadis.com\\\/de\\\/nachrichten-presse\\\/\",\"url\":\"https:\\\/\\\/www.labadis.com\\\/de\\\/nachrichten-presse\\\/\",\"name\":\"Nachrichten & Artikeln | Labadis\",\"isPartOf\":{\"@id\":\"https:\\\/\\\/www.labadis.com\\\/de\\\/#website\"},\"datePublished\":\"2021-10-27T09:23:32+00:00\",\"dateModified\":\"2022-07-19T07:34:24+00:00\",\"breadcrumb\":{\"@id\":\"https:\\\/\\\/www.labadis.com\\\/de\\\/nachrichten-presse\\\/#breadcrumb\"},\"inLanguage\":\"de\",\"potentialAction\":[{\"@type\":\"ReadAction\",\"target\":[\"https:\\\/\\\/www.labadis.com\\\/de\\\/nachrichten-presse\\\/\"]}]},{\"@type\":\"BreadcrumbList\",\"@id\":\"https:\\\/\\\/www.labadis.com\\\/de\\\/nachrichten-presse\\\/#breadcrumb\",\"itemListElement\":[{\"@type\":\"ListItem\",\"position\":1,\"name\":\"Home\",\"item\":\"https:\\\/\\\/www.labadis.com\\\/de\\\/\"},{\"@type\":\"ListItem\",\"position\":2,\"name\":\"Nachrichten &#038; Artikeln\"}]},{\"@type\":\"WebSite\",\"@id\":\"https:\\\/\\\/www.labadis.com\\\/de\\\/#website\",\"url\":\"https:\\\/\\\/www.labadis.com\\\/de\\\/\",\"name\":\"Labadis\",\"description\":\"Physical Flow Organization System\",\"publisher\":{\"@id\":\"https:\\\/\\\/www.labadis.com\\\/de\\\/#organization\"},\"potentialAction\":[{\"@type\":\"SearchAction\",\"target\":{\"@type\":\"EntryPoint\",\"urlTemplate\":\"https:\\\/\\\/www.labadis.com\\\/de\\\/?s={search_term_string}\"},\"query-input\":{\"@type\":\"PropertyValueSpecification\",\"valueRequired\":true,\"valueName\":\"search_term_string\"}}],\"inLanguage\":\"de\"},{\"@type\":\"Organization\",\"@id\":\"https:\\\/\\\/www.labadis.com\\\/de\\\/#organization\",\"name\":\"Labadis\",\"url\":\"https:\\\/\\\/www.labadis.com\\\/de\\\/\",\"logo\":{\"@type\":\"ImageObject\",\"inLanguage\":\"de\",\"@id\":\"https:\\\/\\\/www.labadis.com\\\/de\\\/#\\\/schema\\\/logo\\\/image\\\/\",\"url\":\"https:\\\/\\\/www.labadis.com\\\/wp-content\\\/uploads\\\/2021\\\/07\\\/logo-menu.jpg\",\"contentUrl\":\"https:\\\/\\\/www.labadis.com\\\/wp-content\\\/uploads\\\/2021\\\/07\\\/logo-menu.jpg\",\"width\":329,\"height\":60,\"caption\":\"Labadis\"},\"image\":{\"@id\":\"https:\\\/\\\/www.labadis.com\\\/de\\\/#\\\/schema\\\/logo\\\/image\\\/\"}}]}<\/script>\n<!-- \/ Yoast SEO plugin. -->","yoast_head_json":{"title":"Nachrichten & Artikeln | Labadis","robots":{"index":"index","follow":"follow","max-snippet":"max-snippet:-1","max-image-preview":"max-image-preview:large","max-video-preview":"max-video-preview:-1"},"canonical":"https:\/\/www.labadis.com\/de\/nachrichten-presse\/","og_locale":"de_DE","og_type":"article","og_title":"Nachrichten & Artikeln | Labadis","og_description":"Nachrichten &amp; ArtikelnEntdecken Sie alle unsere Ratschl\u00e4ge, um Ihre Produktionswerkstatt und Ihre Intralogistikfl\u00fcsse zu \u00fcberdenken. All dies unter Anwendung der bew\u00e4hrten Praktiken der schlanken Produktion.Das Labadis SystemDas Labadis System spart Kosten und Platz, verbessert die Qualit\u00e4t, erh\u00f6ht die Sicherheit und den Komfort der Mitarbeiter und reduziert Abfall und Verschwendung.Wonach suchen Sie?MaterialEine organisatorische L\u00f6sungBeratungEin Kontakt","og_url":"https:\/\/www.labadis.com\/de\/nachrichten-presse\/","og_site_name":"Labadis","article_modified_time":"2022-07-19T07:34:24+00:00","twitter_card":"summary_large_image","twitter_misc":{"Gesch\u00e4tzte Lesezeit":"6\u00a0Minuten"},"schema":{"@context":"https:\/\/schema.org","@graph":[{"@type":"WebPage","@id":"https:\/\/www.labadis.com\/de\/nachrichten-presse\/","url":"https:\/\/www.labadis.com\/de\/nachrichten-presse\/","name":"Nachrichten & Artikeln | Labadis","isPartOf":{"@id":"https:\/\/www.labadis.com\/de\/#website"},"datePublished":"2021-10-27T09:23:32+00:00","dateModified":"2022-07-19T07:34:24+00:00","breadcrumb":{"@id":"https:\/\/www.labadis.com\/de\/nachrichten-presse\/#breadcrumb"},"inLanguage":"de","potentialAction":[{"@type":"ReadAction","target":["https:\/\/www.labadis.com\/de\/nachrichten-presse\/"]}]},{"@type":"BreadcrumbList","@id":"https:\/\/www.labadis.com\/de\/nachrichten-presse\/#breadcrumb","itemListElement":[{"@type":"ListItem","position":1,"name":"Home","item":"https:\/\/www.labadis.com\/de\/"},{"@type":"ListItem","position":2,"name":"Nachrichten &#038; Artikeln"}]},{"@type":"WebSite","@id":"https:\/\/www.labadis.com\/de\/#website","url":"https:\/\/www.labadis.com\/de\/","name":"Labadis","description":"Physical Flow Organization System","publisher":{"@id":"https:\/\/www.labadis.com\/de\/#organization"},"potentialAction":[{"@type":"SearchAction","target":{"@type":"EntryPoint","urlTemplate":"https:\/\/www.labadis.com\/de\/?s={search_term_string}"},"query-input":{"@type":"PropertyValueSpecification","valueRequired":true,"valueName":"search_term_string"}}],"inLanguage":"de"},{"@type":"Organization","@id":"https:\/\/www.labadis.com\/de\/#organization","name":"Labadis","url":"https:\/\/www.labadis.com\/de\/","logo":{"@type":"ImageObject","inLanguage":"de","@id":"https:\/\/www.labadis.com\/de\/#\/schema\/logo\/image\/","url":"https:\/\/www.labadis.com\/wp-content\/uploads\/2021\/07\/logo-menu.jpg","contentUrl":"https:\/\/www.labadis.com\/wp-content\/uploads\/2021\/07\/logo-menu.jpg","width":329,"height":60,"caption":"Labadis"},"image":{"@id":"https:\/\/www.labadis.com\/de\/#\/schema\/logo\/image\/"}}]}},"_links":{"self":[{"href":"https:\/\/www.labadis.com\/de\/wp-json\/wp\/v2\/pages\/1846","targetHints":{"allow":["GET"]}}],"collection":[{"href":"https:\/\/www.labadis.com\/de\/wp-json\/wp\/v2\/pages"}],"about":[{"href":"https:\/\/www.labadis.com\/de\/wp-json\/wp\/v2\/types\/page"}],"author":[{"embeddable":true,"href":"https:\/\/www.labadis.com\/de\/wp-json\/wp\/v2\/users\/7"}],"replies":[{"embeddable":true,"href":"https:\/\/www.labadis.com\/de\/wp-json\/wp\/v2\/comments?post=1846"}],"version-history":[{"count":22,"href":"https:\/\/www.labadis.com\/de\/wp-json\/wp\/v2\/pages\/1846\/revisions"}],"predecessor-version":[{"id":5832,"href":"https:\/\/www.labadis.com\/de\/wp-json\/wp\/v2\/pages\/1846\/revisions\/5832"}],"wp:attachment":[{"href":"https:\/\/www.labadis.com\/de\/wp-json\/wp\/v2\/media?parent=1846"}],"curies":[{"name":"wp","href":"https:\/\/api.w.org\/{rel}","templated":true}]}}