{"id":1856,"date":"2021-10-27T09:35:00","date_gmt":"2021-10-27T09:35:00","guid":{"rendered":"https:\/\/www.labadis.org\/kontakt\/"},"modified":"2023-11-28T16:54:42","modified_gmt":"2023-11-28T16:54:42","slug":"kontakt","status":"publish","type":"page","link":"https:\/\/www.labadis.com\/de\/kontakt\/","title":{"rendered":"Kontakt"},"content":{"rendered":"<p>[et_pb_section fb_built=&#8220;1&#8243; custom_padding_last_edited=&#8220;on|phone&#8220; admin_label=&#8220;Testimonials&#8220; _builder_version=&#8220;4.23.1&#8243; background_enable_color=&#8220;off&#8220; custom_margin=&#8220;|4%||4%|false|true&#8220; custom_margin_tablet=&#8220;&#8220; custom_margin_phone=&#8220;|4%|30px|4%|false|true&#8220; custom_margin_last_edited=&#8220;on|desktop&#8220; custom_padding=&#8220;80px||80px||true|false&#8220; custom_padding_tablet=&#8220;&#8220; custom_padding_phone=&#8220;80px||50px||false|false&#8220; collapsed=&#8220;off&#8220; global_colors_info=&#8220;{}&#8220;][et_pb_row _builder_version=&#8220;4.16&#8243; _module_preset=&#8220;default&#8220; width=&#8220;87%&#8220; custom_margin=&#8220;||20px||false|false&#8220; custom_padding=&#8220;0px||0px||false|false&#8220; global_colors_info=&#8220;{}&#8220;][et_pb_column type=&#8220;4_4&#8243; _builder_version=&#8220;4.16&#8243; _module_preset=&#8220;default&#8220; global_colors_info=&#8220;{}&#8220;][et_pb_text admin_label=&#8220;Title&#8220; _builder_version=&#8220;4.16&#8243; _module_preset=&#8220;ce5d6604-ad66-449e-8f02-0bc38ae84807&#8243; positioning=&#8220;relative&#8220; custom_margin=&#8220;0px||5px||false|false&#8220; custom_margin_phone=&#8220;||0px||false|false&#8220; custom_margin_last_edited=&#8220;off|phone&#8220; custom_padding=&#8220;0px||||false|false&#8220; global_colors_info=&#8220;{}&#8220;]<\/p>\n<h1>Lassen Sie uns \u00fcber Ihre Projekte sprechen<\/h1>\n<p>[\/et_pb_text][et_pb_divider color=&#8220;#F68026&#8243; divider_position=&#8220;center&#8220; divider_weight=&#8220;2px&#8220; _builder_version=&#8220;4.16&#8243; _module_preset=&#8220;default&#8220; width=&#8220;200px&#8220; global_colors_info=&#8220;{}&#8220;][\/et_pb_divider][et_pb_text _builder_version=&#8220;4.23.1&#8243; text_font=&#8220;|600|||||||&#8220; text_text_color=&#8220;#333333&#8243; text_font_size=&#8220;20px&#8220; text_line_height=&#8220;1.8em&#8220; header_font=&#8220;||||||||&#8220; max_width=&#8220;60%&#8220; max_width_tablet=&#8220;&#8220; max_width_phone=&#8220;100%&#8220; max_width_last_edited=&#8220;on|phone&#8220; custom_margin=&#8220;||0px||false|false&#8220; custom_padding=&#8220;||0px||false|false&#8220; animation_delay=&#8220;100ms&#8220; global_colors_info=&#8220;{}&#8220;]<\/p>\n<p>Ben\u00f6tigen Sie Informationen \u00fcber ein Produkt? Ein Angebot anfordern? Ben\u00f6tigen Sie eine bestimmte Entwicklung?\u00a0<\/p>\n<p>Senden Sie uns eine Nachricht : <a href=\"mailto:info@labadis.com\" target=\"_blank\" rel=\"noopener\">info@labadis.com<\/a><\/p>\n<p>[\/et_pb_text][\/et_pb_column][\/et_pb_row][\/et_pb_section][et_pb_section fb_built=&#8220;1&#8243; custom_padding_last_edited=&#8220;on|phone&#8220; _builder_version=&#8220;4.16&#8243; _module_preset=&#8220;default&#8220; use_background_color_gradient=&#8220;on&#8220; background_color_gradient_type=&#8220;circular&#8220; background_color_gradient_direction_radial=&#8220;top left&#8220; background_color_gradient_stops=&#8220;rgba(246,128,38,0.29) 0%|rgba(255,204,74,0.29) 88%&#8220; background_color_gradient_start=&#8220;rgba(246,128,38,0.29)&#8220; background_color_gradient_end=&#8220;rgba(255,204,74,0.29)&#8220; background_color_gradient_end_position=&#8220;88%&#8220; custom_margin=&#8220;||100px||false|false&#8220; custom_margin_tablet=&#8220;&#8220; custom_margin_phone=&#8220;||70px||false|false&#8220; custom_margin_last_edited=&#8220;on|phone&#8220; custom_padding=&#8220;80px||80px||true|false&#8220; custom_padding_tablet=&#8220;&#8220; custom_padding_phone=&#8220;50px||50px||true|false&#8220; global_colors_info=&#8220;{}&#8220;][et_pb_row _builder_version=&#8220;4.16&#8243; _module_preset=&#8220;default&#8220; custom_padding=&#8220;0px||0px||false|false&#8220; global_colors_info=&#8220;{}&#8220;][et_pb_column type=&#8220;4_4&#8243; _builder_version=&#8220;4.16&#8243; _module_preset=&#8220;default&#8220; global_colors_info=&#8220;{}&#8220;][et_pb_text _builder_version=&#8220;4.16&#8243; _module_preset=&#8220;default&#8220; header_2_text_align=&#8220;center&#8220; custom_margin=&#8220;||34px||false|false&#8220; global_colors_info=&#8220;{}&#8220;]<\/p>\n<h2>Projektphasen bei Labadis<\/h2>\n<p>[\/et_pb_text][et_pb_button button_url=&#8220;https:\/\/www.labadis.com\/de\/das-labadis-system\/#project-steps&#8220; button_text=&#8220;Entdecken&#8220; button_alignment=&#8220;center&#8220; _builder_version=&#8220;4.16&#8243; _module_preset=&#8220;default&#8220; global_colors_info=&#8220;{}&#8220;][\/et_pb_button][\/et_pb_column][\/et_pb_row][\/et_pb_section][et_pb_section fb_built=&#8220;1&#8243; _builder_version=&#8220;4.16&#8243; _module_preset=&#8220;default&#8220; custom_padding=&#8220;0px||0px||false|false&#8220; global_colors_info=&#8220;{}&#8220;][et_pb_row _builder_version=&#8220;4.16&#8243; _module_preset=&#8220;default&#8220; custom_margin=&#8220;||50px||false|false&#8220; custom_margin_tablet=&#8220;&#8220; custom_margin_phone=&#8220;||30px||false|false&#8220; custom_margin_last_edited=&#8220;on|phone&#8220; custom_padding=&#8220;0px||0px||false|false&#8220; global_colors_info=&#8220;{}&#8220;][et_pb_column type=&#8220;4_4&#8243; _builder_version=&#8220;4.16&#8243; _module_preset=&#8220;default&#8220; global_colors_info=&#8220;{}&#8220;][et_pb_text _builder_version=&#8220;4.16&#8243; _module_preset=&#8220;ce5d6604-ad66-449e-8f02-0bc38ae84807&#8243; max_width=&#8220;60%&#8220; max_width_tablet=&#8220;&#8220; max_width_phone=&#8220;100%&#8220; max_width_last_edited=&#8220;on|phone&#8220; global_colors_info=&#8220;{}&#8220;]<\/p>\n<h2>Oder kontaktieren Sie uns jetzt!<\/h2>\n<p>[\/et_pb_text][et_pb_divider color=&#8220;#F68026&#8243; divider_position=&#8220;center&#8220; divider_weight=&#8220;2px&#8220; _builder_version=&#8220;4.16&#8243; _module_preset=&#8220;default&#8220; width=&#8220;200px&#8220; global_colors_info=&#8220;{}&#8220;][\/et_pb_divider][\/et_pb_column][\/et_pb_row][\/et_pb_section][et_pb_section fb_built=&#8220;1&#8243; admin_label=&#8220;Testimonials&#8220; _builder_version=&#8220;4.16&#8243; background_color=&#8220;#F4F4F4&#8243; custom_margin=&#8220;|4%|50px|4%|false|true&#8220; custom_margin_phone=&#8220;0px|0px|0px|0px&#8220; custom_margin_last_edited=&#8220;off|desktop&#8220; custom_padding=&#8220;50px||50px||true|false&#8220; collapsed=&#8220;off&#8220; global_colors_info=&#8220;{}&#8220;][et_pb_row column_structure=&#8220;1_2,1_2&#8243; _builder_version=&#8220;4.16&#8243; _module_preset=&#8220;default&#8220; width=&#8220;87%&#8220; custom_margin=&#8220;||||false|false&#8220; custom_padding=&#8220;0px||0px||false|false&#8220; custom_css_main_element=&#8220;display: flex;||align-items: center;&#8220; global_colors_info=&#8220;{}&#8220; custom_css_main_element_last_edited=&#8220;on|phone&#8220; custom_css_main_element_phone=&#8220;flex-direction: column;&#8220; custom_css_main_element_tablet=&#8220;display: flex;||align-items: center;&#8220;][et_pb_column type=&#8220;1_2&#8243; _builder_version=&#8220;4.16&#8243; _module_preset=&#8220;default&#8220; global_colors_info=&#8220;{}&#8220;][et_pb_text _builder_version=&#8220;4.16&#8243; _module_preset=&#8220;default&#8220; custom_margin=&#8220;||0px||false|false&#8220; custom_padding=&#8220;||||false|false&#8220; global_colors_info=&#8220;{}&#8220;]<\/p>\n<h3>Labadis France<\/h3>\n<p>[\/et_pb_text][et_pb_text _builder_version=&#8220;4.16&#8243; _module_preset=&#8220;ce5d6604-ad66-449e-8f02-0bc38ae84807&#8243; max_width=&#8220;60%&#8220; max_width_tablet=&#8220;&#8220; max_width_phone=&#8220;100%&#8220; max_width_last_edited=&#8220;on|phone&#8220; custom_margin=&#8220;||34px||false|false&#8220; custom_margin_last_edited=&#8220;off|phone&#8220; global_colors_info=&#8220;{}&#8220;]<\/p>\n<p><span style=\"font-weight: 400;\">21 Rue Robert Vauxion<br \/><\/span><span style=\"font-weight: 400;\">F-53000 Laval<\/span><\/p>\n<p>[\/et_pb_text][et_pb_code _builder_version=&#8220;4.16&#8243; _module_preset=&#8220;default&#8220; global_colors_info=&#8220;{}&#8220;]<pee><iframe loading=\"lazy\" style=\"border: 0;\" src=\"https:\/\/www.google.com\/maps\/embed?pb=!1m18!1m12!1m3!1d2665.97870943575!2d-0.8009611845856889!3d48.072053863701726!2m3!1f0!2f0!3f0!3m2!1i1024!2i768!4f13.1!3m3!1m2!1s0x4808fe6c4714a9b3%3A0x19de742685cffca8!2sLabadis%20-%20Organisation%20des%20flux%20physiques!5e0!3m2!1sfr!2sfr!4v1626445277891!5m2!1sfr!2sfr\" width=\"500\" height=\"300\" allowfullscreen=\"allowfullscreen\"><\/iframe><\/pee>[\/et_pb_code][\/et_pb_column][et_pb_column type=&#8220;1_2&#8243; _builder_version=&#8220;4.16&#8243; _module_preset=&#8220;default&#8220; custom_padding=&#8220;50px||50px|80px|true|false&#8220; custom_padding_tablet=&#8220;&#8220; custom_padding_phone=&#8220;20px||0px|0px|false|false&#8220; custom_padding_last_edited=&#8220;on|phone&#8220; border_width_left=&#8220;1px&#8220; border_color_left=&#8220;#F68026&#8243; border_width_all_last_edited=&#8220;off|phone&#8220; border_width_left_tablet=&#8220;&#8220; border_width_left_phone=&#8220;0px&#8220; border_width_left_last_edited=&#8220;on|phone&#8220; global_colors_info=&#8220;{}&#8220;][et_pb_blurb title=&#8220;Timoth\u00e9e PRELY&#8220; image=&#8220;https:\/\/www.labadis.com\/wp-content\/uploads\/2022\/12\/Timothee-PRELY-1.png&#8220; icon_placement=&#8220;left&#8220; image_icon_width=&#8220;70px&#8220; _builder_version=&#8220;4.23.1&#8243; _module_preset=&#8220;default&#8220; header_font=&#8220;Open Sans|600|||||||&#8220; header_text_color=&#8220;#333333&#8243; body_link_text_color=&#8220;#F68026&#8243; custom_margin=&#8220;||50px||false|false&#8220; custom_margin_phone=&#8220;||50px||false|false&#8220; custom_margin_last_edited=&#8220;off|phone&#8220; hover_enabled=&#8220;0&#8243; border_radii_image=&#8220;on|50px|50px|50px|50px&#8220; image_max_width=&#8220;70px&#8220; global_colors_info=&#8220;{}&#8220; sticky_enabled=&#8220;0&#8243;]<\/p>\n<p><span>Industrieel project- en ontwikkelingsdirecteur<\/span><br \/>+33 2 43 53 66 69<br \/><a href=\"mailto:J.doe@labadis.com\">timothee.prely@labadis.com<\/a><\/p>\n<p>[\/et_pb_blurb][\/et_pb_column][\/et_pb_row][\/et_pb_section][et_pb_section fb_built=&#8220;1&#8243; admin_label=&#8220;Testimonials&#8220; _builder_version=&#8220;4.16&#8243; background_color=&#8220;#F4F4F4&#8243; custom_margin=&#8220;|4%|100px|4%|false|true&#8220; custom_margin_tablet=&#8220;&#8220; custom_margin_phone=&#8220;0px|4%|70px|4%|false|true&#8220; custom_margin_last_edited=&#8220;on|phone&#8220; custom_padding=&#8220;50px||50px||true|false&#8220; collapsed=&#8220;off&#8220; global_colors_info=&#8220;{}&#8220;][et_pb_row column_structure=&#8220;1_2,1_2&#8243; _builder_version=&#8220;4.16&#8243; _module_preset=&#8220;default&#8220; width=&#8220;87%&#8220; custom_margin=&#8220;||||false|false&#8220; custom_padding=&#8220;0px||0px||false|false&#8220; custom_css_main_element=&#8220;display: flex;||align-items: center;&#8220; global_colors_info=&#8220;{}&#8220; custom_css_main_element_last_edited=&#8220;on|phone&#8220; custom_css_main_element_phone=&#8220;flex-direction: column;&#8220; custom_css_main_element_tablet=&#8220;display: flex;||align-items: center;&#8220;][et_pb_column type=&#8220;1_2&#8243; _builder_version=&#8220;4.16&#8243; _module_preset=&#8220;default&#8220; global_colors_info=&#8220;{}&#8220;][et_pb_text _builder_version=&#8220;4.16&#8243; _module_preset=&#8220;default&#8220; custom_margin=&#8220;||0px||false|false&#8220; custom_padding=&#8220;||||false|false&#8220; global_colors_info=&#8220;{}&#8220;]<\/p>\n<h3>Labadis China<\/h3>\n<p>[\/et_pb_text][et_pb_text _builder_version=&#8220;4.16&#8243; _module_preset=&#8220;ce5d6604-ad66-449e-8f02-0bc38ae84807&#8243; max_width_phone=&#8220;100%&#8220; max_width_last_edited=&#8220;off|desktop&#8220; custom_margin=&#8220;||34px||false|false&#8220; custom_margin_last_edited=&#8220;off|phone&#8220; global_colors_info=&#8220;{}&#8220;]<\/p>\n<p>No. 59 Shuangjing Street<br \/>CN-215121Suzhou<br \/>Jiangsu Province<br \/>China<\/p>\n<p>[\/et_pb_text][et_pb_code _builder_version=&#8220;4.16&#8243; _module_preset=&#8220;default&#8220; global_colors_info=&#8220;{}&#8220;]<pee><iframe loading=\"lazy\" style=\"border: 0;\" src=\"https:\/\/www.google.com\/maps\/embed?pb=!1m18!1m12!1m3!1d3406.948205790463!2d120.75487531465286!3d31.36040846216209!2m3!1f0!2f0!3f0!3m2!1i1024!2i768!4f13.1!3m3!1m2!1s0x35b3af003a638bbb%3A0x218b9cbdcebe6f65!2s59%20Shuang%20Jing%20Jie%2C%20Wuzhong%20Qu%2C%20Suzhou%20Shi%2C%20Jiangsu%20Sheng%2C%20Chine%2C%20215121!5e0!3m2!1sfr!2sfr!4v1636966357170!5m2!1sfr!2sfr\" width=\"500\" height=\"300\" allowfullscreen=\"allowfullscreen\"><\/iframe><\/pee>[\/et_pb_code][\/et_pb_column][et_pb_column type=&#8220;1_2&#8243; _builder_version=&#8220;4.16&#8243; _module_preset=&#8220;default&#8220; custom_padding=&#8220;50px||50px|80px|false|false&#8220; custom_padding_tablet=&#8220;&#8220; custom_padding_phone=&#8220;20px||0px|0px|false|false&#8220; custom_padding_last_edited=&#8220;on|phone&#8220; border_width_left=&#8220;1px&#8220; border_color_left=&#8220;#F68026&#8243; border_width_all_last_edited=&#8220;off|phone&#8220; border_width_left_tablet=&#8220;&#8220; border_width_left_phone=&#8220;0px&#8220; border_width_left_last_edited=&#8220;on|phone&#8220; global_colors_info=&#8220;{}&#8220;][et_pb_blurb title=&#8220;Sally YANG&#8220; image=&#8220;https:\/\/www.labadis.com\/wp-content\/uploads\/2021\/11\/Sally.png&#8220; icon_placement=&#8220;left&#8220; image_icon_width=&#8220;70px&#8220; _builder_version=&#8220;4.16&#8243; _module_preset=&#8220;default&#8220; header_font=&#8220;Open Sans|600|||||||&#8220; header_text_color=&#8220;#333333&#8243; body_link_text_color=&#8220;#F68026&#8243; custom_margin=&#8220;||50px||false|false&#8220; custom_margin_phone=&#8220;||50px||false|false&#8220; custom_margin_last_edited=&#8220;off|phone&#8220; border_radii_image=&#8220;on|50px|50px|50px|50px&#8220; image_max_width=&#8220;70px&#8220; global_colors_info=&#8220;{}&#8220;]<\/p>\n<p>General Manager Labadis CHINA<br \/>0086 186 01 44 22 66<br \/><a href=\"mailto:J.doe@labadis.com\">sally.yang@labadis.com<\/a><\/p>\n<p>[\/et_pb_blurb][\/et_pb_column][\/et_pb_row][\/et_pb_section]<\/p>\n","protected":false},"excerpt":{"rendered":"<p>Lassen Sie uns \u00fcber Ihre Projekte sprechenBen\u00f6tigen Sie Informationen \u00fcber ein Produkt? Ein Angebot anfordern? Ben\u00f6tigen Sie eine bestimmte Entwicklung?\u00a0 Senden Sie uns eine Nachricht : info@labadis.comProjektphasen bei LabadisOder kontaktieren Sie uns jetzt!Labadis France21 Rue Robert VauxionF-53000 LavalIndustrieel project- en ontwikkelingsdirecteur+33 2 43 53 66 69timothee.prely@labadis.comLabadis ChinaNo. 59 Shuangjing StreetCN-215121SuzhouJiangsu ProvinceChinaGeneral Manager Labadis CHINA0086 186 [&hellip;]<\/p>\n","protected":false},"author":7,"featured_media":0,"parent":0,"menu_order":0,"comment_status":"closed","ping_status":"closed","template":"","meta":{"_et_pb_use_builder":"on","_et_pb_old_content":"","_et_gb_content_width":"","_monsterinsights_skip_tracking":false,"_monsterinsights_sitenote_active":false,"_monsterinsights_sitenote_note":"","_monsterinsights_sitenote_category":0,"footnotes":""},"class_list":["post-1856","page","type-page","status-publish","hentry"],"yoast_head":"<!-- This site is optimized with the Yoast SEO plugin v27.5 - https:\/\/yoast.com\/product\/yoast-seo-wordpress\/ -->\n<title>Kontakt | Labadis<\/title>\n<meta name=\"robots\" content=\"index, follow, max-snippet:-1, max-image-preview:large, max-video-preview:-1\" \/>\n<link rel=\"canonical\" href=\"https:\/\/www.labadis.com\/de\/kontakt\/\" \/>\n<meta property=\"og:locale\" content=\"de_DE\" \/>\n<meta property=\"og:type\" content=\"article\" \/>\n<meta property=\"og:title\" content=\"Kontakt | Labadis\" \/>\n<meta property=\"og:description\" content=\"Lassen Sie uns \u00fcber Ihre Projekte sprechenBen\u00f6tigen Sie Informationen \u00fcber ein Produkt? Ein Angebot anfordern? Ben\u00f6tigen Sie eine bestimmte Entwicklung?\u00a0 Senden Sie uns eine Nachricht : info@labadis.comProjektphasen bei LabadisOder kontaktieren Sie uns jetzt!Labadis France21 Rue Robert VauxionF-53000 LavalIndustrieel project- en ontwikkelingsdirecteur+33 2 43 53 66 69timothee.prely@labadis.comLabadis ChinaNo. 59 Shuangjing StreetCN-215121SuzhouJiangsu ProvinceChinaGeneral Manager Labadis CHINA0086 186 [&hellip;]\" \/>\n<meta property=\"og:url\" content=\"https:\/\/www.labadis.com\/de\/kontakt\/\" \/>\n<meta property=\"og:site_name\" content=\"Labadis\" \/>\n<meta property=\"article:modified_time\" content=\"2023-11-28T16:54:42+00:00\" \/>\n<meta name=\"twitter:card\" content=\"summary_large_image\" \/>\n<meta name=\"twitter:label1\" content=\"Gesch\u00e4tzte Lesezeit\" \/>\n\t<meta name=\"twitter:data1\" content=\"7\u00a0Minuten\" \/>\n<script type=\"application\/ld+json\" class=\"yoast-schema-graph\">{\"@context\":\"https:\\\/\\\/schema.org\",\"@graph\":[{\"@type\":\"WebPage\",\"@id\":\"https:\\\/\\\/www.labadis.com\\\/de\\\/kontakt\\\/\",\"url\":\"https:\\\/\\\/www.labadis.com\\\/de\\\/kontakt\\\/\",\"name\":\"Kontakt | Labadis\",\"isPartOf\":{\"@id\":\"https:\\\/\\\/www.labadis.com\\\/de\\\/#website\"},\"datePublished\":\"2021-10-27T09:35:00+00:00\",\"dateModified\":\"2023-11-28T16:54:42+00:00\",\"breadcrumb\":{\"@id\":\"https:\\\/\\\/www.labadis.com\\\/de\\\/kontakt\\\/#breadcrumb\"},\"inLanguage\":\"de\",\"potentialAction\":[{\"@type\":\"ReadAction\",\"target\":[\"https:\\\/\\\/www.labadis.com\\\/de\\\/kontakt\\\/\"]}]},{\"@type\":\"BreadcrumbList\",\"@id\":\"https:\\\/\\\/www.labadis.com\\\/de\\\/kontakt\\\/#breadcrumb\",\"itemListElement\":[{\"@type\":\"ListItem\",\"position\":1,\"name\":\"Home\",\"item\":\"https:\\\/\\\/www.labadis.com\\\/de\\\/\"},{\"@type\":\"ListItem\",\"position\":2,\"name\":\"Kontakt\"}]},{\"@type\":\"WebSite\",\"@id\":\"https:\\\/\\\/www.labadis.com\\\/de\\\/#website\",\"url\":\"https:\\\/\\\/www.labadis.com\\\/de\\\/\",\"name\":\"Labadis\",\"description\":\"Physical Flow Organization System\",\"publisher\":{\"@id\":\"https:\\\/\\\/www.labadis.com\\\/de\\\/#organization\"},\"potentialAction\":[{\"@type\":\"SearchAction\",\"target\":{\"@type\":\"EntryPoint\",\"urlTemplate\":\"https:\\\/\\\/www.labadis.com\\\/de\\\/?s={search_term_string}\"},\"query-input\":{\"@type\":\"PropertyValueSpecification\",\"valueRequired\":true,\"valueName\":\"search_term_string\"}}],\"inLanguage\":\"de\"},{\"@type\":\"Organization\",\"@id\":\"https:\\\/\\\/www.labadis.com\\\/de\\\/#organization\",\"name\":\"Labadis\",\"url\":\"https:\\\/\\\/www.labadis.com\\\/de\\\/\",\"logo\":{\"@type\":\"ImageObject\",\"inLanguage\":\"de\",\"@id\":\"https:\\\/\\\/www.labadis.com\\\/de\\\/#\\\/schema\\\/logo\\\/image\\\/\",\"url\":\"https:\\\/\\\/www.labadis.com\\\/wp-content\\\/uploads\\\/2021\\\/07\\\/logo-menu.jpg\",\"contentUrl\":\"https:\\\/\\\/www.labadis.com\\\/wp-content\\\/uploads\\\/2021\\\/07\\\/logo-menu.jpg\",\"width\":329,\"height\":60,\"caption\":\"Labadis\"},\"image\":{\"@id\":\"https:\\\/\\\/www.labadis.com\\\/de\\\/#\\\/schema\\\/logo\\\/image\\\/\"}}]}<\/script>\n<!-- \/ Yoast SEO plugin. -->","yoast_head_json":{"title":"Kontakt | Labadis","robots":{"index":"index","follow":"follow","max-snippet":"max-snippet:-1","max-image-preview":"max-image-preview:large","max-video-preview":"max-video-preview:-1"},"canonical":"https:\/\/www.labadis.com\/de\/kontakt\/","og_locale":"de_DE","og_type":"article","og_title":"Kontakt | Labadis","og_description":"Lassen Sie uns \u00fcber Ihre Projekte sprechenBen\u00f6tigen Sie Informationen \u00fcber ein Produkt? Ein Angebot anfordern? Ben\u00f6tigen Sie eine bestimmte Entwicklung?\u00a0 Senden Sie uns eine Nachricht : info@labadis.comProjektphasen bei LabadisOder kontaktieren Sie uns jetzt!Labadis France21 Rue Robert VauxionF-53000 LavalIndustrieel project- en ontwikkelingsdirecteur+33 2 43 53 66 69timothee.prely@labadis.comLabadis ChinaNo. 59 Shuangjing StreetCN-215121SuzhouJiangsu ProvinceChinaGeneral Manager Labadis CHINA0086 186 [&hellip;]","og_url":"https:\/\/www.labadis.com\/de\/kontakt\/","og_site_name":"Labadis","article_modified_time":"2023-11-28T16:54:42+00:00","twitter_card":"summary_large_image","twitter_misc":{"Gesch\u00e4tzte Lesezeit":"7\u00a0Minuten"},"schema":{"@context":"https:\/\/schema.org","@graph":[{"@type":"WebPage","@id":"https:\/\/www.labadis.com\/de\/kontakt\/","url":"https:\/\/www.labadis.com\/de\/kontakt\/","name":"Kontakt | Labadis","isPartOf":{"@id":"https:\/\/www.labadis.com\/de\/#website"},"datePublished":"2021-10-27T09:35:00+00:00","dateModified":"2023-11-28T16:54:42+00:00","breadcrumb":{"@id":"https:\/\/www.labadis.com\/de\/kontakt\/#breadcrumb"},"inLanguage":"de","potentialAction":[{"@type":"ReadAction","target":["https:\/\/www.labadis.com\/de\/kontakt\/"]}]},{"@type":"BreadcrumbList","@id":"https:\/\/www.labadis.com\/de\/kontakt\/#breadcrumb","itemListElement":[{"@type":"ListItem","position":1,"name":"Home","item":"https:\/\/www.labadis.com\/de\/"},{"@type":"ListItem","position":2,"name":"Kontakt"}]},{"@type":"WebSite","@id":"https:\/\/www.labadis.com\/de\/#website","url":"https:\/\/www.labadis.com\/de\/","name":"Labadis","description":"Physical Flow Organization System","publisher":{"@id":"https:\/\/www.labadis.com\/de\/#organization"},"potentialAction":[{"@type":"SearchAction","target":{"@type":"EntryPoint","urlTemplate":"https:\/\/www.labadis.com\/de\/?s={search_term_string}"},"query-input":{"@type":"PropertyValueSpecification","valueRequired":true,"valueName":"search_term_string"}}],"inLanguage":"de"},{"@type":"Organization","@id":"https:\/\/www.labadis.com\/de\/#organization","name":"Labadis","url":"https:\/\/www.labadis.com\/de\/","logo":{"@type":"ImageObject","inLanguage":"de","@id":"https:\/\/www.labadis.com\/de\/#\/schema\/logo\/image\/","url":"https:\/\/www.labadis.com\/wp-content\/uploads\/2021\/07\/logo-menu.jpg","contentUrl":"https:\/\/www.labadis.com\/wp-content\/uploads\/2021\/07\/logo-menu.jpg","width":329,"height":60,"caption":"Labadis"},"image":{"@id":"https:\/\/www.labadis.com\/de\/#\/schema\/logo\/image\/"}}]}},"_links":{"self":[{"href":"https:\/\/www.labadis.com\/de\/wp-json\/wp\/v2\/pages\/1856","targetHints":{"allow":["GET"]}}],"collection":[{"href":"https:\/\/www.labadis.com\/de\/wp-json\/wp\/v2\/pages"}],"about":[{"href":"https:\/\/www.labadis.com\/de\/wp-json\/wp\/v2\/types\/page"}],"author":[{"embeddable":true,"href":"https:\/\/www.labadis.com\/de\/wp-json\/wp\/v2\/users\/7"}],"replies":[{"embeddable":true,"href":"https:\/\/www.labadis.com\/de\/wp-json\/wp\/v2\/comments?post=1856"}],"version-history":[{"count":35,"href":"https:\/\/www.labadis.com\/de\/wp-json\/wp\/v2\/pages\/1856\/revisions"}],"predecessor-version":[{"id":7049,"href":"https:\/\/www.labadis.com\/de\/wp-json\/wp\/v2\/pages\/1856\/revisions\/7049"}],"wp:attachment":[{"href":"https:\/\/www.labadis.com\/de\/wp-json\/wp\/v2\/media?parent=1856"}],"curies":[{"name":"wp","href":"https:\/\/api.w.org\/{rel}","templated":true}]}}